{"id":650000104,"date":"2025-04-15T08:57:38","date_gmt":"2025-04-15T08:57:38","guid":{"rendered":"https:\/\/ooasla.com\/?post_type=product&#038;p=650000104"},"modified":"2025-06-08T17:16:22","modified_gmt":"2025-06-08T17:16:22","slug":"machine-a-cafe-capsule-3en1-cristor-19-bars-1450w-rouge","status":"publish","type":"product","link":"https:\/\/ooasla.com\/en\/product\/machine-a-cafe-capsule-3en1-cristor-19-bars-1450w-rouge\/","title":{"rendered":"Machine \u00e0 caf\u00e9 Capsule 3en1 CRISTOR -19 Bars \u2013 1450W \u2013 Rouge"},"content":{"rendered":"","protected":false},"excerpt":{"rendered":"<p>D\u00e9couvrez notre nouvelle machine \u00e0 caf\u00e9 capsules 3 en 1, qui associe un design raffin\u00e9 \u00e0 une commande tactile, offrant une polyvalence exceptionnelle. Cette machine permet trois types de pr\u00e9paration de caf\u00e9 : caf\u00e9 en poudre, capsules Nespresso et capsules Dolce Gusto. Avec une pression de pompe de 19 bars, elle assure une extraction optimale des ar\u00f4mes pour un caf\u00e9 riche et savoureux.<\/p>\n","protected":false},"featured_media":650000105,"template":"","meta":{"_kad_blocks_custom_css":"","_kad_blocks_head_custom_js":"","_kad_blocks_body_custom_js":"","_kad_blocks_footer_custom_js":"","_kadence_starter_templates_imported_post":false,"_kad_post_transparent":"","_kad_post_title":"","_kad_post_layout":"","_kad_post_sidebar_id":"","_kad_post_content_style":"","_kad_post_vertical_padding":"","_kad_post_feature":"","_kad_post_feature_position":"","_kad_post_header":false,"_kad_post_footer":false},"product_brand":[89],"product_cat":[155],"product_tag":[],"class_list":{"0":"post-650000104","1":"product","2":"type-product","3":"status-publish","4":"has-post-thumbnail","6":"product_brand-promo-ramadan","7":"product_cat-machine-a-cafe-capsule-machine-a-cafe-petit-electromenager-en","9":"first","10":"instock","11":"shipping-taxable","12":"purchasable","13":"product-type-simple","14":"entry","15":"content-bg","16":"loop-entry"},"taxonomy_info":{"product_brand":[{"value":89,"label":"Promo Ramadan"}],"product_cat":[{"value":155,"label":"Machine \u00e0 caf\u00e9 capsule"}]},"featured_image_src_large":["https:\/\/ooasla.com\/wp-content\/uploads\/2025\/06\/CMC130R2-1000.png",1000,1000,false],"author_info":[],"comment_info":"","jetpack_sharing_enabled":true,"_links":{"self":[{"href":"https:\/\/ooasla.com\/en\/wp-json\/wp\/v2\/product\/650000104","targetHints":{"allow":["GET"]}}],"collection":[{"href":"https:\/\/ooasla.com\/en\/wp-json\/wp\/v2\/product"}],"about":[{"href":"https:\/\/ooasla.com\/en\/wp-json\/wp\/v2\/types\/product"}],"wp:featuredmedia":[{"embeddable":true,"href":"https:\/\/ooasla.com\/en\/wp-json\/wp\/v2\/media\/650000105"}],"wp:attachment":[{"href":"https:\/\/ooasla.com\/en\/wp-json\/wp\/v2\/media?parent=650000104"}],"wp:term":[{"taxonomy":"product_brand","embeddable":true,"href":"https:\/\/ooasla.com\/en\/wp-json\/wp\/v2\/product_brand?post=650000104"},{"taxonomy":"product_cat","embeddable":true,"href":"https:\/\/ooasla.com\/en\/wp-json\/wp\/v2\/product_cat?post=650000104"},{"taxonomy":"product_tag","embeddable":true,"href":"https:\/\/ooasla.com\/en\/wp-json\/wp\/v2\/product_tag?post=650000104"}],"curies":[{"name":"wp","href":"https:\/\/api.w.org\/{rel}","templated":true}]}}