{"id":650000088,"date":"2025-04-15T08:57:37","date_gmt":"2025-04-15T08:57:37","guid":{"rendered":"https:\/\/ooasla.com\/?post_type=product&#038;p=650000088"},"modified":"2025-06-08T17:16:21","modified_gmt":"2025-06-08T17:16:21","slug":"machine-a-laver-condor-luna-frontal-12kg-lavante-sechante-inverter-1500-tr-min-titanuim","status":"publish","type":"product","link":"https:\/\/ooasla.com\/en\/product\/machine-a-laver-condor-luna-frontal-12kg-lavante-sechante-inverter-1500-tr-min-titanuim\/","title":{"rendered":"Machine \u00e0 laver CONDOR LUNA Frontal -12kg -Lavante-S\u00e9chante \u2013 Inverter- 1500 tr\/min \u2013 Titanuim"},"content":{"rendered":"","protected":false},"excerpt":{"rendered":"<p>D\u00e9couvrez la machine \u00e0 laver CONDOR LUNA Frontal, \u00e9quip\u00e9e d\u2019une capacit\u00e9 de 12 kg pour des cycles de lavage et 7kg de capacit\u00e9 de s\u00e9chage efficaces et rapides \u00e0 1500 tr\/min. Gr\u00e2ce \u00e0 son moteur neo Inverter offrant une efficacit\u00e9 \u00e9nerg\u00e9tique de classe A+++, elle propose 14 programmes vari\u00e9s, incluant un cycle rapide de 15 minutes, garantissant un nettoyage en profondeur tout en pr\u00e9servant vos v\u00eatements.<\/p>\n","protected":false},"featured_media":650000089,"template":"","meta":{"_kad_blocks_custom_css":"","_kad_blocks_head_custom_js":"","_kad_blocks_body_custom_js":"","_kad_blocks_footer_custom_js":"","_kadence_starter_templates_imported_post":false,"_kad_post_transparent":"","_kad_post_title":"","_kad_post_layout":"","_kad_post_sidebar_id":"","_kad_post_content_style":"","_kad_post_vertical_padding":"","_kad_post_feature":"","_kad_post_feature_position":"","_kad_post_header":false,"_kad_post_footer":false},"product_brand":[86],"product_cat":[152],"product_tag":[],"class_list":{"0":"post-650000088","1":"product","2":"type-product","3":"status-publish","4":"has-post-thumbnail","6":"product_brand-condor","7":"product_cat-lave-linge-front-loading-machine-a-laver-gros-electromenager-en","9":"first","10":"instock","11":"shipping-taxable","12":"purchasable","13":"product-type-simple","14":"entry","15":"content-bg","16":"loop-entry"},"taxonomy_info":{"product_brand":[{"value":86,"label":"CONDOR"}],"product_cat":[{"value":152,"label":"lave- linge front loading"}]},"featured_image_src_large":["https:\/\/ooasla.com\/wp-content\/uploads\/2025\/06\/M12.jpg",1000,1000,false],"author_info":[],"comment_info":"","jetpack_sharing_enabled":true,"_links":{"self":[{"href":"https:\/\/ooasla.com\/en\/wp-json\/wp\/v2\/product\/650000088","targetHints":{"allow":["GET"]}}],"collection":[{"href":"https:\/\/ooasla.com\/en\/wp-json\/wp\/v2\/product"}],"about":[{"href":"https:\/\/ooasla.com\/en\/wp-json\/wp\/v2\/types\/product"}],"wp:featuredmedia":[{"embeddable":true,"href":"https:\/\/ooasla.com\/en\/wp-json\/wp\/v2\/media\/650000089"}],"wp:attachment":[{"href":"https:\/\/ooasla.com\/en\/wp-json\/wp\/v2\/media?parent=650000088"}],"wp:term":[{"taxonomy":"product_brand","embeddable":true,"href":"https:\/\/ooasla.com\/en\/wp-json\/wp\/v2\/product_brand?post=650000088"},{"taxonomy":"product_cat","embeddable":true,"href":"https:\/\/ooasla.com\/en\/wp-json\/wp\/v2\/product_cat?post=650000088"},{"taxonomy":"product_tag","embeddable":true,"href":"https:\/\/ooasla.com\/en\/wp-json\/wp\/v2\/product_tag?post=650000088"}],"curies":[{"name":"wp","href":"https:\/\/api.w.org\/{rel}","templated":true}]}}