{"id":650000080,"date":"2025-04-15T08:57:35","date_gmt":"2025-04-15T08:57:35","guid":{"rendered":"https:\/\/ooasla.com\/?post_type=product&#038;p=650000080"},"modified":"2025-06-08T17:16:19","modified_gmt":"2025-06-08T17:16:19","slug":"robot-petissier-moulinex-masterchef-essential","status":"publish","type":"product","link":"https:\/\/ooasla.com\/en\/product\/robot-petissier-moulinex-masterchef-essential\/","title":{"rendered":"Robot p\u00e9tissier MOULINEX Masterchef Essential"},"content":{"rendered":"","protected":false},"excerpt":{"rendered":"<p>Tous vos besoins culinaires et p\u00e2tissiers quotidiens seront satisfaits avec le robot p\u00e2tissier Moulinex Masterchef Essential. Ce robot p\u00e2tissier de 4,8 L est id\u00e9al pour divertir toute la famille. Le mouvement plan\u00e9taire qui permet de couvrir toute la surface du bol permet d\u2019obtenir des pr\u00e9parations parfaitement homog\u00e8nes sans effort. Il est extr\u00eamement simple \u00e0 utiliser gr\u00e2ce \u00e0 son seul bouton.<\/p>\n","protected":false},"featured_media":650000081,"template":"","meta":{"_kad_blocks_custom_css":"","_kad_blocks_head_custom_js":"","_kad_blocks_body_custom_js":"","_kad_blocks_footer_custom_js":"","_kadence_starter_templates_imported_post":false,"_kad_post_transparent":"","_kad_post_title":"","_kad_post_layout":"","_kad_post_sidebar_id":"","_kad_post_content_style":"","_kad_post_vertical_padding":"","_kad_post_feature":"","_kad_post_feature_position":"","_kad_post_header":false,"_kad_post_footer":false},"product_brand":[89],"product_cat":[150],"product_tag":[],"class_list":{"0":"post-650000080","1":"product","2":"type-product","3":"status-publish","4":"has-post-thumbnail","6":"product_brand-promo-ramadan","7":"product_cat-petrin-robots-de-cuisine-petit-electromenager-en","9":"first","10":"instock","11":"shipping-taxable","12":"purchasable","13":"product-type-simple","14":"entry","15":"content-bg","16":"loop-entry"},"taxonomy_info":{"product_brand":[{"value":89,"label":"Promo Ramadan"}],"product_cat":[{"value":150,"label":"Petrin"}]},"featured_image_src_large":["https:\/\/ooasla.com\/wp-content\/uploads\/2025\/06\/a-31.png",768,768,false],"author_info":[],"comment_info":"","jetpack_sharing_enabled":true,"_links":{"self":[{"href":"https:\/\/ooasla.com\/en\/wp-json\/wp\/v2\/product\/650000080","targetHints":{"allow":["GET"]}}],"collection":[{"href":"https:\/\/ooasla.com\/en\/wp-json\/wp\/v2\/product"}],"about":[{"href":"https:\/\/ooasla.com\/en\/wp-json\/wp\/v2\/types\/product"}],"wp:featuredmedia":[{"embeddable":true,"href":"https:\/\/ooasla.com\/en\/wp-json\/wp\/v2\/media\/650000081"}],"wp:attachment":[{"href":"https:\/\/ooasla.com\/en\/wp-json\/wp\/v2\/media?parent=650000080"}],"wp:term":[{"taxonomy":"product_brand","embeddable":true,"href":"https:\/\/ooasla.com\/en\/wp-json\/wp\/v2\/product_brand?post=650000080"},{"taxonomy":"product_cat","embeddable":true,"href":"https:\/\/ooasla.com\/en\/wp-json\/wp\/v2\/product_cat?post=650000080"},{"taxonomy":"product_tag","embeddable":true,"href":"https:\/\/ooasla.com\/en\/wp-json\/wp\/v2\/product_tag?post=650000080"}],"curies":[{"name":"wp","href":"https:\/\/api.w.org\/{rel}","templated":true}]}}