{"id":650000043,"date":"2025-04-15T08:57:29","date_gmt":"2025-04-15T08:57:29","guid":{"rendered":"https:\/\/ooasla.com\/?post_type=product&#038;p=650000043"},"modified":"2025-06-08T17:16:15","modified_gmt":"2025-06-08T17:16:15","slug":"air-fryer-avec-pulverisateur-deaucuisson-tendre-auto-clean-condor-68l-1800w-8-menus","status":"publish","type":"product","link":"https:\/\/ooasla.com\/en\/product\/air-fryer-avec-pulverisateur-deaucuisson-tendre-auto-clean-condor-68l-1800w-8-menus\/","title":{"rendered":"Air Fryer Avec Pulv\u00e9risateur D\u2019eau(Cuisson Tendre\/Auto Clean) CONDOR- 6,8L- 1800W- 8 Menus"},"content":{"rendered":"","protected":false},"excerpt":{"rendered":"<p>D\u00e9couvrez notre friteuse \u00e0 air, l\u2019alli\u00e9e parfaite pour une cuisine saine et rapide. Dot\u00e9e d\u2019un syst\u00e8me innovant et unique de pulv\u00e9risation d\u2019eau, cette friteuse vous permet de personnaliser vos cuissons, offrant des r\u00e9sultats croustillants ou tendres selon vos pr\u00e9f\u00e9rences. Avec une puissance de 1800W et une capacit\u00e9 g\u00e9n\u00e9reuse de 6,8L, cet appareil red\u00e9finit la cuisson rapide et croustillante tout en r\u00e9duisant significativement l\u2019utilisation de graisses, pour une cuisine plus saine et efficace.<\/p>\n","protected":false},"featured_media":650000044,"template":"","meta":{"_kad_blocks_custom_css":"","_kad_blocks_head_custom_js":"","_kad_blocks_body_custom_js":"","_kad_blocks_footer_custom_js":"","_kadence_starter_templates_imported_post":false,"_kad_post_transparent":"","_kad_post_title":"","_kad_post_layout":"","_kad_post_sidebar_id":"","_kad_post_content_style":"","_kad_post_vertical_padding":"","_kad_post_feature":"","_kad_post_feature_position":"","_kad_post_header":false,"_kad_post_footer":false},"product_brand":[86],"product_cat":[146],"product_tag":[],"class_list":{"0":"post-650000043","1":"product","2":"type-product","3":"status-publish","4":"has-post-thumbnail","6":"product_brand-condor","7":"product_cat-air-fryer-appareil-de-cuisson-petit-electromenager-en","9":"first","10":"instock","11":"shipping-taxable","12":"purchasable","13":"product-type-simple","14":"entry","15":"content-bg","16":"loop-entry"},"taxonomy_info":{"product_brand":[{"value":86,"label":"CONDOR"}],"product_cat":[{"value":146,"label":"Air fryer"}]},"featured_image_src_large":["https:\/\/ooasla.com\/wp-content\/uploads\/2025\/06\/PROXIMA5.jpg",1000,1000,false],"author_info":[],"comment_info":"","jetpack_sharing_enabled":true,"_links":{"self":[{"href":"https:\/\/ooasla.com\/en\/wp-json\/wp\/v2\/product\/650000043","targetHints":{"allow":["GET"]}}],"collection":[{"href":"https:\/\/ooasla.com\/en\/wp-json\/wp\/v2\/product"}],"about":[{"href":"https:\/\/ooasla.com\/en\/wp-json\/wp\/v2\/types\/product"}],"wp:featuredmedia":[{"embeddable":true,"href":"https:\/\/ooasla.com\/en\/wp-json\/wp\/v2\/media\/650000044"}],"wp:attachment":[{"href":"https:\/\/ooasla.com\/en\/wp-json\/wp\/v2\/media?parent=650000043"}],"wp:term":[{"taxonomy":"product_brand","embeddable":true,"href":"https:\/\/ooasla.com\/en\/wp-json\/wp\/v2\/product_brand?post=650000043"},{"taxonomy":"product_cat","embeddable":true,"href":"https:\/\/ooasla.com\/en\/wp-json\/wp\/v2\/product_cat?post=650000043"},{"taxonomy":"product_tag","embeddable":true,"href":"https:\/\/ooasla.com\/en\/wp-json\/wp\/v2\/product_tag?post=650000043"}],"curies":[{"name":"wp","href":"https:\/\/api.w.org\/{rel}","templated":true}]}}