{"id":650000039,"date":"2025-04-15T08:57:28","date_gmt":"2025-04-15T08:57:28","guid":{"rendered":"https:\/\/ooasla.com\/?post_type=product&#038;p=650000039"},"modified":"2025-06-08T17:16:15","modified_gmt":"2025-06-08T17:16:15","slug":"moulinette-hachoir-moulinex-1000w-blanc","status":"publish","type":"product","link":"https:\/\/ooasla.com\/en\/product\/moulinette-hachoir-moulinex-1000w-blanc\/","title":{"rendered":"Moulinette hachoir Moulinex 1000W \/ Blanc"},"content":{"rendered":"","protected":false},"excerpt":{"rendered":"<p>Avec le hachoir La Moulinette, vous pouvez hacher tous types d\u2019aliments! Le hachoir La Moulinette de 1000 W combin\u00e9 \u00e0 la technologie de lames Powelix hache efficacement les ingr\u00e9dients les plus difficiles en quelques secondes, tels que les noisettes, les oignons, les fines herbes, la viande, etc.<\/p>\n","protected":false},"featured_media":650000040,"template":"","meta":{"_kad_blocks_custom_css":"","_kad_blocks_head_custom_js":"","_kad_blocks_body_custom_js":"","_kad_blocks_footer_custom_js":"","_kadence_starter_templates_imported_post":false,"_kad_post_transparent":"","_kad_post_title":"","_kad_post_layout":"","_kad_post_sidebar_id":"","_kad_post_content_style":"","_kad_post_vertical_padding":"","_kad_post_feature":"","_kad_post_feature_position":"","_kad_post_header":false,"_kad_post_footer":false},"product_brand":[89],"product_cat":[145],"product_tag":[],"class_list":{"0":"post-650000039","1":"product","2":"type-product","3":"status-publish","4":"has-post-thumbnail","6":"product_brand-promo-ramadan","7":"product_cat-hachoir-robots-de-cuisine-petit-electromenager-en","9":"first","10":"instock","11":"shipping-taxable","12":"purchasable","13":"product-type-simple","14":"entry","15":"content-bg","16":"loop-entry"},"taxonomy_info":{"product_brand":[{"value":89,"label":"Promo Ramadan"}],"product_cat":[{"value":145,"label":"Hachoir"}]},"featured_image_src_large":["https:\/\/ooasla.com\/wp-content\/uploads\/2025\/06\/a-34-1.jpg",1000,1000,false],"author_info":[],"comment_info":"","jetpack_sharing_enabled":true,"_links":{"self":[{"href":"https:\/\/ooasla.com\/en\/wp-json\/wp\/v2\/product\/650000039","targetHints":{"allow":["GET"]}}],"collection":[{"href":"https:\/\/ooasla.com\/en\/wp-json\/wp\/v2\/product"}],"about":[{"href":"https:\/\/ooasla.com\/en\/wp-json\/wp\/v2\/types\/product"}],"wp:featuredmedia":[{"embeddable":true,"href":"https:\/\/ooasla.com\/en\/wp-json\/wp\/v2\/media\/650000040"}],"wp:attachment":[{"href":"https:\/\/ooasla.com\/en\/wp-json\/wp\/v2\/media?parent=650000039"}],"wp:term":[{"taxonomy":"product_brand","embeddable":true,"href":"https:\/\/ooasla.com\/en\/wp-json\/wp\/v2\/product_brand?post=650000039"},{"taxonomy":"product_cat","embeddable":true,"href":"https:\/\/ooasla.com\/en\/wp-json\/wp\/v2\/product_cat?post=650000039"},{"taxonomy":"product_tag","embeddable":true,"href":"https:\/\/ooasla.com\/en\/wp-json\/wp\/v2\/product_tag?post=650000039"}],"curies":[{"name":"wp","href":"https:\/\/api.w.org\/{rel}","templated":true}]}}